{"id":84,"date":"2019-09-12T14:56:43","date_gmt":"2019-09-12T12:56:43","guid":{"rendered":"http:\/\/www.friedhofsgemeinschaft-berghausen.de\/?page_id=84"},"modified":"2020-09-03T12:22:54","modified_gmt":"2020-09-03T10:22:54","slug":"friedhofshalle","status":"publish","type":"page","link":"https:\/\/www.friedhofsgemeinschaft-berghausen.de\/?page_id=84","title":{"rendered":"Friedhofshalle"},"content":{"rendered":"\n<p>Die Friedhofshalle kann f\u00fcr Trauerfeiern genutzt werden. Sie verf\u00fcgt  \u00fcber 90 Sitzpl\u00e4tze und einige Stehpl\u00e4tze. Die vorhandene Dekoration kann  nach Ihren W\u00fcnschen durch den von Ihnen beauftragten Bestatter erg\u00e4nzt  werden. Ein Harmonium und Liederhefte f\u00fcr die Trauerfeier stehen ebenso  zur Verf\u00fcgung wie sanit\u00e4re Anlagen. <\/p>\n\n\n\n<div class=\"wp-block-image\"><figure class=\"aligncenter size-large\"><img loading=\"lazy\" decoding=\"async\" width=\"450\" height=\"338\" src=\"http:\/\/www.friedhofsgemeinschaft-berghausen.de\/wp-content\/uploads\/2020\/09\/friedhof04.jpg\" alt=\"\" class=\"wp-image-153\" srcset=\"https:\/\/www.friedhofsgemeinschaft-berghausen.de\/wp-content\/uploads\/2020\/09\/friedhof04.jpg 450w, https:\/\/www.friedhofsgemeinschaft-berghausen.de\/wp-content\/uploads\/2020\/09\/friedhof04-300x225.jpg 300w\" sizes=\"auto, (max-width: 450px) 100vw, 450px\" \/><\/figure><\/div>\n","protected":false},"excerpt":{"rendered":"<p>Die Friedhofshalle kann f\u00fcr Trauerfeiern genutzt werden. Sie verf\u00fcgt \u00fcber 90 Sitzpl\u00e4tze und einige Stehpl\u00e4tze. Die vorhandene Dekoration kann nach Ihren W\u00fcnschen durch den von Ihnen beauftragten Bestatter erg\u00e4nzt werden. Ein Harmonium und Liederhefte f\u00fcr die Trauerfeier stehen ebenso zur &hellip; <a href=\"https:\/\/www.friedhofsgemeinschaft-berghausen.de\/?page_id=84\">Weiterlesen <span class=\"meta-nav\">&rarr;<\/span><\/a><\/p>\n","protected":false},"author":1,"featured_media":153,"parent":0,"menu_order":0,"comment_status":"closed","ping_status":"closed","template":"","meta":{"footnotes":""},"class_list":["post-84","page","type-page","status-publish","has-post-thumbnail","hentry"],"yoast_head":"<!-- This site is optimized with the Yoast SEO plugin v27.4 - https:\/\/yoast.com\/product\/yoast-seo-wordpress\/ -->\n<title>Friedhofshalle - Waldfriedhof Berghausen<\/title>\n<meta name=\"robots\" content=\"index, follow, max-snippet:-1, max-image-preview:large, max-video-preview:-1\" \/>\n<link rel=\"canonical\" href=\"https:\/\/www.friedhofsgemeinschaft-berghausen.de\/?page_id=84\" \/>\n<meta property=\"og:locale\" content=\"de_DE\" \/>\n<meta property=\"og:type\" content=\"article\" \/>\n<meta property=\"og:title\" content=\"Friedhofshalle - Waldfriedhof Berghausen\" \/>\n<meta property=\"og:description\" content=\"Die Friedhofshalle kann f\u00fcr Trauerfeiern genutzt werden. Sie verf\u00fcgt \u00fcber 90 Sitzpl\u00e4tze und einige Stehpl\u00e4tze. Die vorhandene Dekoration kann nach Ihren W\u00fcnschen durch den von Ihnen beauftragten Bestatter erg\u00e4nzt werden. Ein Harmonium und Liederhefte f\u00fcr die Trauerfeier stehen ebenso zur &hellip; Weiterlesen &rarr;\" \/>\n<meta property=\"og:url\" content=\"https:\/\/www.friedhofsgemeinschaft-berghausen.de\/?page_id=84\" \/>\n<meta property=\"og:site_name\" content=\"Waldfriedhof Berghausen\" \/>\n<meta property=\"article:modified_time\" content=\"2020-09-03T10:22:54+00:00\" \/>\n<meta property=\"og:image\" content=\"https:\/\/www.friedhofsgemeinschaft-berghausen.de\/wp-content\/uploads\/2020\/09\/friedhof04.jpg\" \/>\n\t<meta property=\"og:image:width\" content=\"450\" \/>\n\t<meta property=\"og:image:height\" content=\"338\" \/>\n\t<meta property=\"og:image:type\" content=\"image\/jpeg\" \/>\n<meta name=\"twitter:card\" content=\"summary_large_image\" \/>\n<script type=\"application\/ld+json\" class=\"yoast-schema-graph\">{\"@context\":\"https:\\\/\\\/schema.org\",\"@graph\":[{\"@type\":\"WebPage\",\"@id\":\"https:\\\/\\\/www.friedhofsgemeinschaft-berghausen.de\\\/?page_id=84\",\"url\":\"https:\\\/\\\/www.friedhofsgemeinschaft-berghausen.de\\\/?page_id=84\",\"name\":\"Friedhofshalle - Waldfriedhof Berghausen\",\"isPartOf\":{\"@id\":\"https:\\\/\\\/www.friedhofsgemeinschaft-berghausen.de\\\/#website\"},\"primaryImageOfPage\":{\"@id\":\"https:\\\/\\\/www.friedhofsgemeinschaft-berghausen.de\\\/?page_id=84#primaryimage\"},\"image\":{\"@id\":\"https:\\\/\\\/www.friedhofsgemeinschaft-berghausen.de\\\/?page_id=84#primaryimage\"},\"thumbnailUrl\":\"https:\\\/\\\/www.friedhofsgemeinschaft-berghausen.de\\\/wp-content\\\/uploads\\\/2020\\\/09\\\/friedhof04.jpg\",\"datePublished\":\"2019-09-12T12:56:43+00:00\",\"dateModified\":\"2020-09-03T10:22:54+00:00\",\"breadcrumb\":{\"@id\":\"https:\\\/\\\/www.friedhofsgemeinschaft-berghausen.de\\\/?page_id=84#breadcrumb\"},\"inLanguage\":\"de\",\"potentialAction\":[{\"@type\":\"ReadAction\",\"target\":[\"https:\\\/\\\/www.friedhofsgemeinschaft-berghausen.de\\\/?page_id=84\"]}]},{\"@type\":\"ImageObject\",\"inLanguage\":\"de\",\"@id\":\"https:\\\/\\\/www.friedhofsgemeinschaft-berghausen.de\\\/?page_id=84#primaryimage\",\"url\":\"https:\\\/\\\/www.friedhofsgemeinschaft-berghausen.de\\\/wp-content\\\/uploads\\\/2020\\\/09\\\/friedhof04.jpg\",\"contentUrl\":\"https:\\\/\\\/www.friedhofsgemeinschaft-berghausen.de\\\/wp-content\\\/uploads\\\/2020\\\/09\\\/friedhof04.jpg\",\"width\":450,\"height\":338},{\"@type\":\"BreadcrumbList\",\"@id\":\"https:\\\/\\\/www.friedhofsgemeinschaft-berghausen.de\\\/?page_id=84#breadcrumb\",\"itemListElement\":[{\"@type\":\"ListItem\",\"position\":1,\"name\":\"Startseite\",\"item\":\"https:\\\/\\\/www.friedhofsgemeinschaft-berghausen.de\\\/\"},{\"@type\":\"ListItem\",\"position\":2,\"name\":\"Friedhofshalle\"}]},{\"@type\":\"WebSite\",\"@id\":\"https:\\\/\\\/www.friedhofsgemeinschaft-berghausen.de\\\/#website\",\"url\":\"https:\\\/\\\/www.friedhofsgemeinschaft-berghausen.de\\\/\",\"name\":\"Waldfriedhof Berghausen\",\"description\":\"\",\"publisher\":{\"@id\":\"https:\\\/\\\/www.friedhofsgemeinschaft-berghausen.de\\\/#organization\"},\"potentialAction\":[{\"@type\":\"SearchAction\",\"target\":{\"@type\":\"EntryPoint\",\"urlTemplate\":\"https:\\\/\\\/www.friedhofsgemeinschaft-berghausen.de\\\/?s={search_term_string}\"},\"query-input\":{\"@type\":\"PropertyValueSpecification\",\"valueRequired\":true,\"valueName\":\"search_term_string\"}}],\"inLanguage\":\"de\"},{\"@type\":\"Organization\",\"@id\":\"https:\\\/\\\/www.friedhofsgemeinschaft-berghausen.de\\\/#organization\",\"name\":\"Waldfriedhof Berghausen Gummersbach\",\"url\":\"https:\\\/\\\/www.friedhofsgemeinschaft-berghausen.de\\\/\",\"logo\":{\"@type\":\"ImageObject\",\"inLanguage\":\"de\",\"@id\":\"https:\\\/\\\/www.friedhofsgemeinschaft-berghausen.de\\\/#\\\/schema\\\/logo\\\/image\\\/\",\"url\":\"https:\\\/\\\/www.friedhofsgemeinschaft-berghausen.de\\\/wp-content\\\/uploads\\\/2019\\\/09\\\/friedhof02.jpg\",\"contentUrl\":\"https:\\\/\\\/www.friedhofsgemeinschaft-berghausen.de\\\/wp-content\\\/uploads\\\/2019\\\/09\\\/friedhof02.jpg\",\"width\":338,\"height\":450,\"caption\":\"Waldfriedhof Berghausen Gummersbach\"},\"image\":{\"@id\":\"https:\\\/\\\/www.friedhofsgemeinschaft-berghausen.de\\\/#\\\/schema\\\/logo\\\/image\\\/\"}}]}<\/script>\n<!-- \/ Yoast SEO plugin. -->","yoast_head_json":{"title":"Friedhofshalle - Waldfriedhof Berghausen","robots":{"index":"index","follow":"follow","max-snippet":"max-snippet:-1","max-image-preview":"max-image-preview:large","max-video-preview":"max-video-preview:-1"},"canonical":"https:\/\/www.friedhofsgemeinschaft-berghausen.de\/?page_id=84","og_locale":"de_DE","og_type":"article","og_title":"Friedhofshalle - Waldfriedhof Berghausen","og_description":"Die Friedhofshalle kann f\u00fcr Trauerfeiern genutzt werden. Sie verf\u00fcgt \u00fcber 90 Sitzpl\u00e4tze und einige Stehpl\u00e4tze. Die vorhandene Dekoration kann nach Ihren W\u00fcnschen durch den von Ihnen beauftragten Bestatter erg\u00e4nzt werden. Ein Harmonium und Liederhefte f\u00fcr die Trauerfeier stehen ebenso zur &hellip; Weiterlesen &rarr;","og_url":"https:\/\/www.friedhofsgemeinschaft-berghausen.de\/?page_id=84","og_site_name":"Waldfriedhof Berghausen","article_modified_time":"2020-09-03T10:22:54+00:00","og_image":[{"width":450,"height":338,"url":"https:\/\/www.friedhofsgemeinschaft-berghausen.de\/wp-content\/uploads\/2020\/09\/friedhof04.jpg","type":"image\/jpeg"}],"twitter_card":"summary_large_image","schema":{"@context":"https:\/\/schema.org","@graph":[{"@type":"WebPage","@id":"https:\/\/www.friedhofsgemeinschaft-berghausen.de\/?page_id=84","url":"https:\/\/www.friedhofsgemeinschaft-berghausen.de\/?page_id=84","name":"Friedhofshalle - Waldfriedhof Berghausen","isPartOf":{"@id":"https:\/\/www.friedhofsgemeinschaft-berghausen.de\/#website"},"primaryImageOfPage":{"@id":"https:\/\/www.friedhofsgemeinschaft-berghausen.de\/?page_id=84#primaryimage"},"image":{"@id":"https:\/\/www.friedhofsgemeinschaft-berghausen.de\/?page_id=84#primaryimage"},"thumbnailUrl":"https:\/\/www.friedhofsgemeinschaft-berghausen.de\/wp-content\/uploads\/2020\/09\/friedhof04.jpg","datePublished":"2019-09-12T12:56:43+00:00","dateModified":"2020-09-03T10:22:54+00:00","breadcrumb":{"@id":"https:\/\/www.friedhofsgemeinschaft-berghausen.de\/?page_id=84#breadcrumb"},"inLanguage":"de","potentialAction":[{"@type":"ReadAction","target":["https:\/\/www.friedhofsgemeinschaft-berghausen.de\/?page_id=84"]}]},{"@type":"ImageObject","inLanguage":"de","@id":"https:\/\/www.friedhofsgemeinschaft-berghausen.de\/?page_id=84#primaryimage","url":"https:\/\/www.friedhofsgemeinschaft-berghausen.de\/wp-content\/uploads\/2020\/09\/friedhof04.jpg","contentUrl":"https:\/\/www.friedhofsgemeinschaft-berghausen.de\/wp-content\/uploads\/2020\/09\/friedhof04.jpg","width":450,"height":338},{"@type":"BreadcrumbList","@id":"https:\/\/www.friedhofsgemeinschaft-berghausen.de\/?page_id=84#breadcrumb","itemListElement":[{"@type":"ListItem","position":1,"name":"Startseite","item":"https:\/\/www.friedhofsgemeinschaft-berghausen.de\/"},{"@type":"ListItem","position":2,"name":"Friedhofshalle"}]},{"@type":"WebSite","@id":"https:\/\/www.friedhofsgemeinschaft-berghausen.de\/#website","url":"https:\/\/www.friedhofsgemeinschaft-berghausen.de\/","name":"Waldfriedhof Berghausen","description":"","publisher":{"@id":"https:\/\/www.friedhofsgemeinschaft-berghausen.de\/#organization"},"potentialAction":[{"@type":"SearchAction","target":{"@type":"EntryPoint","urlTemplate":"https:\/\/www.friedhofsgemeinschaft-berghausen.de\/?s={search_term_string}"},"query-input":{"@type":"PropertyValueSpecification","valueRequired":true,"valueName":"search_term_string"}}],"inLanguage":"de"},{"@type":"Organization","@id":"https:\/\/www.friedhofsgemeinschaft-berghausen.de\/#organization","name":"Waldfriedhof Berghausen Gummersbach","url":"https:\/\/www.friedhofsgemeinschaft-berghausen.de\/","logo":{"@type":"ImageObject","inLanguage":"de","@id":"https:\/\/www.friedhofsgemeinschaft-berghausen.de\/#\/schema\/logo\/image\/","url":"https:\/\/www.friedhofsgemeinschaft-berghausen.de\/wp-content\/uploads\/2019\/09\/friedhof02.jpg","contentUrl":"https:\/\/www.friedhofsgemeinschaft-berghausen.de\/wp-content\/uploads\/2019\/09\/friedhof02.jpg","width":338,"height":450,"caption":"Waldfriedhof Berghausen Gummersbach"},"image":{"@id":"https:\/\/www.friedhofsgemeinschaft-berghausen.de\/#\/schema\/logo\/image\/"}}]}},"_links":{"self":[{"href":"https:\/\/www.friedhofsgemeinschaft-berghausen.de\/index.php?rest_route=\/wp\/v2\/pages\/84","targetHints":{"allow":["GET"]}}],"collection":[{"href":"https:\/\/www.friedhofsgemeinschaft-berghausen.de\/index.php?rest_route=\/wp\/v2\/pages"}],"about":[{"href":"https:\/\/www.friedhofsgemeinschaft-berghausen.de\/index.php?rest_route=\/wp\/v2\/types\/page"}],"author":[{"embeddable":true,"href":"https:\/\/www.friedhofsgemeinschaft-berghausen.de\/index.php?rest_route=\/wp\/v2\/users\/1"}],"replies":[{"embeddable":true,"href":"https:\/\/www.friedhofsgemeinschaft-berghausen.de\/index.php?rest_route=%2Fwp%2Fv2%2Fcomments&post=84"}],"version-history":[{"count":2,"href":"https:\/\/www.friedhofsgemeinschaft-berghausen.de\/index.php?rest_route=\/wp\/v2\/pages\/84\/revisions"}],"predecessor-version":[{"id":162,"href":"https:\/\/www.friedhofsgemeinschaft-berghausen.de\/index.php?rest_route=\/wp\/v2\/pages\/84\/revisions\/162"}],"wp:featuredmedia":[{"embeddable":true,"href":"https:\/\/www.friedhofsgemeinschaft-berghausen.de\/index.php?rest_route=\/wp\/v2\/media\/153"}],"wp:attachment":[{"href":"https:\/\/www.friedhofsgemeinschaft-berghausen.de\/index.php?rest_route=%2Fwp%2Fv2%2Fmedia&parent=84"}],"curies":[{"name":"wp","href":"https:\/\/api.w.org\/{rel}","templated":true}]}}