{"id":352,"date":"2026-03-24T11:00:03","date_gmt":"2026-03-24T10:00:03","guid":{"rendered":"https:\/\/www.friedhofsgemeinschaft-berghausen.de\/?page_id=352"},"modified":"2026-03-24T17:39:17","modified_gmt":"2026-03-24T16:39:17","slug":"bestattungen","status":"publish","type":"page","link":"https:\/\/www.friedhofsgemeinschaft-berghausen.de\/?page_id=352","title":{"rendered":"Bestattungen"},"content":{"rendered":"\n<p><em>Wir weisen darauf hin, dass sich die <strong>Beitrags- und Geb\u00fchrenordnung<\/strong>, sowie die Friedhofs- und Bestattungsordnung aktuell in der \u00dcberarbeitung befinden. Konkrete Fragen hierzu, richten Sie bitte an <a href=\"mailto:info@friedhofsgemeinschaft-berghausen.de\" target=\"_blank\" rel=\"noreferrer noopener\">info@friedhofsgemeinschaft-berghausen.de<\/a>.<\/em><\/p>\n\n\n\n<p>Wir bieten klassische Erdbestattungen, Urnengr\u00e4ber und pflegefreie Urnengr\u00e4ber f\u00fcr Verstorbene beider christlicher Konfessionen oder f\u00fcr konfessionslose Verstorbene an.<\/p>\n\n\n\n<p>Auch wenn der Charakter des Waldfriedhofs mit erh\u00f6htem Pflegeaufwand verbunden ist, ist es unser Ziel das Erscheinungsbild des Waldfriedhofs zu erhalten. So sind bei uns keine polierten Grabsteine erlaubt und Grabschmuck aus Kunststoff nicht erw\u00fcnscht. Ja, nat\u00fcrlich lassen Sie Rehe und Hasen auch schon mal die frischen Blumen schmecken.<\/p>\n\n\n\n<p><\/p>\n","protected":false},"excerpt":{"rendered":"<p>Wir weisen darauf hin, dass sich die Beitrags- und Geb\u00fchrenordnung, sowie die Friedhofs- und Bestattungsordnung aktuell in der \u00dcberarbeitung befinden. Konkrete Fragen hierzu, richten Sie bitte an info@friedhofsgemeinschaft-berghausen.de. Wir bieten klassische Erdbestattungen, Urnengr\u00e4ber und pflegefreie Urnengr\u00e4ber f\u00fcr Verstorbene beider christlicher &hellip; <a href=\"https:\/\/www.friedhofsgemeinschaft-berghausen.de\/?page_id=352\">Weiterlesen <span class=\"meta-nav\">&rarr;<\/span><\/a><\/p>\n","protected":false},"author":1,"featured_media":0,"parent":0,"menu_order":0,"comment_status":"closed","ping_status":"closed","template":"","meta":{"footnotes":""},"class_list":["post-352","page","type-page","status-publish","hentry"],"yoast_head":"<!-- This site is optimized with the Yoast SEO plugin v27.3 - https:\/\/yoast.com\/product\/yoast-seo-wordpress\/ -->\n<title>Bestattungen - Waldfriedhof Berghausen<\/title>\n<meta name=\"robots\" content=\"index, follow, max-snippet:-1, max-image-preview:large, max-video-preview:-1\" \/>\n<link rel=\"canonical\" href=\"https:\/\/www.friedhofsgemeinschaft-berghausen.de\/?page_id=352\" \/>\n<meta property=\"og:locale\" content=\"de_DE\" \/>\n<meta property=\"og:type\" content=\"article\" \/>\n<meta property=\"og:title\" content=\"Bestattungen - Waldfriedhof Berghausen\" \/>\n<meta property=\"og:description\" content=\"Wir weisen darauf hin, dass sich die Beitrags- und Geb\u00fchrenordnung, sowie die Friedhofs- und Bestattungsordnung aktuell in der \u00dcberarbeitung befinden. Konkrete Fragen hierzu, richten Sie bitte an info@friedhofsgemeinschaft-berghausen.de. Wir bieten klassische Erdbestattungen, Urnengr\u00e4ber und pflegefreie Urnengr\u00e4ber f\u00fcr Verstorbene beider christlicher &hellip; Weiterlesen &rarr;\" \/>\n<meta property=\"og:url\" content=\"https:\/\/www.friedhofsgemeinschaft-berghausen.de\/?page_id=352\" \/>\n<meta property=\"og:site_name\" content=\"Waldfriedhof Berghausen\" \/>\n<meta property=\"article:modified_time\" content=\"2026-03-24T16:39:17+00:00\" \/>\n<meta name=\"twitter:card\" content=\"summary_large_image\" \/>\n<meta name=\"twitter:label1\" content=\"Gesch\u00e4tzte Lesezeit\" \/>\n\t<meta name=\"twitter:data1\" content=\"1\u00a0Minute\" \/>\n<script type=\"application\/ld+json\" class=\"yoast-schema-graph\">{\"@context\":\"https:\\\/\\\/schema.org\",\"@graph\":[{\"@type\":\"WebPage\",\"@id\":\"https:\\\/\\\/www.friedhofsgemeinschaft-berghausen.de\\\/?page_id=352\",\"url\":\"https:\\\/\\\/www.friedhofsgemeinschaft-berghausen.de\\\/?page_id=352\",\"name\":\"Bestattungen - Waldfriedhof Berghausen\",\"isPartOf\":{\"@id\":\"https:\\\/\\\/www.friedhofsgemeinschaft-berghausen.de\\\/#website\"},\"datePublished\":\"2026-03-24T10:00:03+00:00\",\"dateModified\":\"2026-03-24T16:39:17+00:00\",\"breadcrumb\":{\"@id\":\"https:\\\/\\\/www.friedhofsgemeinschaft-berghausen.de\\\/?page_id=352#breadcrumb\"},\"inLanguage\":\"de\",\"potentialAction\":[{\"@type\":\"ReadAction\",\"target\":[\"https:\\\/\\\/www.friedhofsgemeinschaft-berghausen.de\\\/?page_id=352\"]}]},{\"@type\":\"BreadcrumbList\",\"@id\":\"https:\\\/\\\/www.friedhofsgemeinschaft-berghausen.de\\\/?page_id=352#breadcrumb\",\"itemListElement\":[{\"@type\":\"ListItem\",\"position\":1,\"name\":\"Startseite\",\"item\":\"https:\\\/\\\/www.friedhofsgemeinschaft-berghausen.de\\\/\"},{\"@type\":\"ListItem\",\"position\":2,\"name\":\"Bestattungen\"}]},{\"@type\":\"WebSite\",\"@id\":\"https:\\\/\\\/www.friedhofsgemeinschaft-berghausen.de\\\/#website\",\"url\":\"https:\\\/\\\/www.friedhofsgemeinschaft-berghausen.de\\\/\",\"name\":\"Waldfriedhof Berghausen\",\"description\":\"\",\"publisher\":{\"@id\":\"https:\\\/\\\/www.friedhofsgemeinschaft-berghausen.de\\\/#organization\"},\"potentialAction\":[{\"@type\":\"SearchAction\",\"target\":{\"@type\":\"EntryPoint\",\"urlTemplate\":\"https:\\\/\\\/www.friedhofsgemeinschaft-berghausen.de\\\/?s={search_term_string}\"},\"query-input\":{\"@type\":\"PropertyValueSpecification\",\"valueRequired\":true,\"valueName\":\"search_term_string\"}}],\"inLanguage\":\"de\"},{\"@type\":\"Organization\",\"@id\":\"https:\\\/\\\/www.friedhofsgemeinschaft-berghausen.de\\\/#organization\",\"name\":\"Waldfriedhof Berghausen Gummersbach\",\"url\":\"https:\\\/\\\/www.friedhofsgemeinschaft-berghausen.de\\\/\",\"logo\":{\"@type\":\"ImageObject\",\"inLanguage\":\"de\",\"@id\":\"https:\\\/\\\/www.friedhofsgemeinschaft-berghausen.de\\\/#\\\/schema\\\/logo\\\/image\\\/\",\"url\":\"https:\\\/\\\/www.friedhofsgemeinschaft-berghausen.de\\\/wp-content\\\/uploads\\\/2019\\\/09\\\/friedhof02.jpg\",\"contentUrl\":\"https:\\\/\\\/www.friedhofsgemeinschaft-berghausen.de\\\/wp-content\\\/uploads\\\/2019\\\/09\\\/friedhof02.jpg\",\"width\":338,\"height\":450,\"caption\":\"Waldfriedhof Berghausen Gummersbach\"},\"image\":{\"@id\":\"https:\\\/\\\/www.friedhofsgemeinschaft-berghausen.de\\\/#\\\/schema\\\/logo\\\/image\\\/\"}}]}<\/script>\n<!-- \/ Yoast SEO plugin. -->","yoast_head_json":{"title":"Bestattungen - Waldfriedhof Berghausen","robots":{"index":"index","follow":"follow","max-snippet":"max-snippet:-1","max-image-preview":"max-image-preview:large","max-video-preview":"max-video-preview:-1"},"canonical":"https:\/\/www.friedhofsgemeinschaft-berghausen.de\/?page_id=352","og_locale":"de_DE","og_type":"article","og_title":"Bestattungen - Waldfriedhof Berghausen","og_description":"Wir weisen darauf hin, dass sich die Beitrags- und Geb\u00fchrenordnung, sowie die Friedhofs- und Bestattungsordnung aktuell in der \u00dcberarbeitung befinden. Konkrete Fragen hierzu, richten Sie bitte an info@friedhofsgemeinschaft-berghausen.de. Wir bieten klassische Erdbestattungen, Urnengr\u00e4ber und pflegefreie Urnengr\u00e4ber f\u00fcr Verstorbene beider christlicher &hellip; Weiterlesen &rarr;","og_url":"https:\/\/www.friedhofsgemeinschaft-berghausen.de\/?page_id=352","og_site_name":"Waldfriedhof Berghausen","article_modified_time":"2026-03-24T16:39:17+00:00","twitter_card":"summary_large_image","twitter_misc":{"Gesch\u00e4tzte Lesezeit":"1\u00a0Minute"},"schema":{"@context":"https:\/\/schema.org","@graph":[{"@type":"WebPage","@id":"https:\/\/www.friedhofsgemeinschaft-berghausen.de\/?page_id=352","url":"https:\/\/www.friedhofsgemeinschaft-berghausen.de\/?page_id=352","name":"Bestattungen - Waldfriedhof Berghausen","isPartOf":{"@id":"https:\/\/www.friedhofsgemeinschaft-berghausen.de\/#website"},"datePublished":"2026-03-24T10:00:03+00:00","dateModified":"2026-03-24T16:39:17+00:00","breadcrumb":{"@id":"https:\/\/www.friedhofsgemeinschaft-berghausen.de\/?page_id=352#breadcrumb"},"inLanguage":"de","potentialAction":[{"@type":"ReadAction","target":["https:\/\/www.friedhofsgemeinschaft-berghausen.de\/?page_id=352"]}]},{"@type":"BreadcrumbList","@id":"https:\/\/www.friedhofsgemeinschaft-berghausen.de\/?page_id=352#breadcrumb","itemListElement":[{"@type":"ListItem","position":1,"name":"Startseite","item":"https:\/\/www.friedhofsgemeinschaft-berghausen.de\/"},{"@type":"ListItem","position":2,"name":"Bestattungen"}]},{"@type":"WebSite","@id":"https:\/\/www.friedhofsgemeinschaft-berghausen.de\/#website","url":"https:\/\/www.friedhofsgemeinschaft-berghausen.de\/","name":"Waldfriedhof Berghausen","description":"","publisher":{"@id":"https:\/\/www.friedhofsgemeinschaft-berghausen.de\/#organization"},"potentialAction":[{"@type":"SearchAction","target":{"@type":"EntryPoint","urlTemplate":"https:\/\/www.friedhofsgemeinschaft-berghausen.de\/?s={search_term_string}"},"query-input":{"@type":"PropertyValueSpecification","valueRequired":true,"valueName":"search_term_string"}}],"inLanguage":"de"},{"@type":"Organization","@id":"https:\/\/www.friedhofsgemeinschaft-berghausen.de\/#organization","name":"Waldfriedhof Berghausen Gummersbach","url":"https:\/\/www.friedhofsgemeinschaft-berghausen.de\/","logo":{"@type":"ImageObject","inLanguage":"de","@id":"https:\/\/www.friedhofsgemeinschaft-berghausen.de\/#\/schema\/logo\/image\/","url":"https:\/\/www.friedhofsgemeinschaft-berghausen.de\/wp-content\/uploads\/2019\/09\/friedhof02.jpg","contentUrl":"https:\/\/www.friedhofsgemeinschaft-berghausen.de\/wp-content\/uploads\/2019\/09\/friedhof02.jpg","width":338,"height":450,"caption":"Waldfriedhof Berghausen Gummersbach"},"image":{"@id":"https:\/\/www.friedhofsgemeinschaft-berghausen.de\/#\/schema\/logo\/image\/"}}]}},"_links":{"self":[{"href":"https:\/\/www.friedhofsgemeinschaft-berghausen.de\/index.php?rest_route=\/wp\/v2\/pages\/352","targetHints":{"allow":["GET"]}}],"collection":[{"href":"https:\/\/www.friedhofsgemeinschaft-berghausen.de\/index.php?rest_route=\/wp\/v2\/pages"}],"about":[{"href":"https:\/\/www.friedhofsgemeinschaft-berghausen.de\/index.php?rest_route=\/wp\/v2\/types\/page"}],"author":[{"embeddable":true,"href":"https:\/\/www.friedhofsgemeinschaft-berghausen.de\/index.php?rest_route=\/wp\/v2\/users\/1"}],"replies":[{"embeddable":true,"href":"https:\/\/www.friedhofsgemeinschaft-berghausen.de\/index.php?rest_route=%2Fwp%2Fv2%2Fcomments&post=352"}],"version-history":[{"count":3,"href":"https:\/\/www.friedhofsgemeinschaft-berghausen.de\/index.php?rest_route=\/wp\/v2\/pages\/352\/revisions"}],"predecessor-version":[{"id":364,"href":"https:\/\/www.friedhofsgemeinschaft-berghausen.de\/index.php?rest_route=\/wp\/v2\/pages\/352\/revisions\/364"}],"wp:attachment":[{"href":"https:\/\/www.friedhofsgemeinschaft-berghausen.de\/index.php?rest_route=%2Fwp%2Fv2%2Fmedia&parent=352"}],"curies":[{"name":"wp","href":"https:\/\/api.w.org\/{rel}","templated":true}]}}