{"id":333,"date":"2026-03-22T17:16:26","date_gmt":"2026-03-22T16:16:26","guid":{"rendered":"https:\/\/www.friedhofsgemeinschaft-berghausen.de\/?page_id=333"},"modified":"2026-04-03T19:55:09","modified_gmt":"2026-04-03T17:55:09","slug":"der-verein","status":"publish","type":"page","link":"https:\/\/www.friedhofsgemeinschaft-berghausen.de\/?page_id=333","title":{"rendered":"Der Verein"},"content":{"rendered":"\n<p class=\"has-medium-font-size\"><strong>Neuer Gesch\u00e4ftsf\u00fchrender Vorstand<\/strong><\/p>\n\n\n\n<figure class=\"wp-block-image size-large\"><img loading=\"lazy\" decoding=\"async\" width=\"1024\" height=\"683\" src=\"https:\/\/www.friedhofsgemeinschaft-berghausen.de\/wp-content\/uploads\/2026\/04\/01_FGB_GVS_Foto-2026_03_privat_freigegeben1-1024x683.jpg\" alt=\"\" class=\"wp-image-375\" srcset=\"https:\/\/www.friedhofsgemeinschaft-berghausen.de\/wp-content\/uploads\/2026\/04\/01_FGB_GVS_Foto-2026_03_privat_freigegeben1-1024x683.jpg 1024w, https:\/\/www.friedhofsgemeinschaft-berghausen.de\/wp-content\/uploads\/2026\/04\/01_FGB_GVS_Foto-2026_03_privat_freigegeben1-300x200.jpg 300w, https:\/\/www.friedhofsgemeinschaft-berghausen.de\/wp-content\/uploads\/2026\/04\/01_FGB_GVS_Foto-2026_03_privat_freigegeben1-768x512.jpg 768w, https:\/\/www.friedhofsgemeinschaft-berghausen.de\/wp-content\/uploads\/2026\/04\/01_FGB_GVS_Foto-2026_03_privat_freigegeben1-1536x1024.jpg 1536w, https:\/\/www.friedhofsgemeinschaft-berghausen.de\/wp-content\/uploads\/2026\/04\/01_FGB_GVS_Foto-2026_03_privat_freigegeben1-2048x1365.jpg 2048w\" sizes=\"auto, (max-width: 1024px) 100vw, 1024px\" \/><\/figure>\n\n\n\n<p><em>Dominik Bieseler (Mitgliederverwaltung); J\u00f6rg Jansen (Vorsitzender\/\u00d6ffentlichkeitarbeit\/Administration); Angelika Langlotz (1. Stellvertretende Vorsitzende\/Sterberegister\/Gr\u00e4ber);<\/em><\/p>\n\n\n\n<p><em>Maike Brandt (Gesch\u00e4ftsf\u00fchrerin\/Trauerfallbegleitung); Brunnilda Vogt (Schatzmeisterin\/Geb\u00fchren\/Beitr\u00e4ge); Bodo Renz (2. stellvertretender Vorsitzender\/Liegenschaften)<\/em><\/p>\n\n\n\n<p><\/p>\n\n\n\n<p class=\"has-large-font-size\"><strong>Neustart 2026<\/strong><\/p>\n\n\n\n<div data-wp-interactive=\"core\/file\" class=\"wp-block-file\"><object data-wp-bind--hidden=\"!state.hasPdfPreview\" hidden class=\"wp-block-file__embed\" data=\"https:\/\/www.friedhofsgemeinschaft-berghausen.de\/wp-content\/uploads\/2026\/03\/FGB_Plakat_-Ansprechpartner-Neustart-2026-final-1.pdf\" type=\"application\/pdf\" style=\"width:100%;height:600px\" aria-label=\"Einbettung von FGB_Plakat_ Ansprechpartner Neustart 2026-final.\"><\/object><a id=\"wp-block-file--media-9b327520-237e-44c8-9612-335c4d21882f\" href=\"https:\/\/www.friedhofsgemeinschaft-berghausen.de\/wp-content\/uploads\/2026\/03\/FGB_Plakat_-Ansprechpartner-Neustart-2026-final-1.pdf\">FGB_Plakat_ Ansprechpartner Neustart 2026-final<\/a><a href=\"https:\/\/www.friedhofsgemeinschaft-berghausen.de\/wp-content\/uploads\/2026\/03\/FGB_Plakat_-Ansprechpartner-Neustart-2026-final-1.pdf\" class=\"wp-block-file__button wp-element-button\" download aria-describedby=\"wp-block-file--media-9b327520-237e-44c8-9612-335c4d21882f\">Herunterladen<\/a><\/div>\n\n\n\n<p><\/p>\n\n\n\n<p style=\"font-size:31px\"><strong>Pr\u00e4sentation Neustart<\/strong><\/p>\n\n\n\n<div data-wp-interactive=\"core\/file\" class=\"wp-block-file\"><object data-wp-bind--hidden=\"!state.hasPdfPreview\" hidden class=\"wp-block-file__embed\" data=\"https:\/\/www.friedhofsgemeinschaft-berghausen.de\/wp-content\/uploads\/2026\/03\/2-FGB_Mitgliederversammlung_Praesentation_Neustart_01-2026_02_27-final-1.pdf\" type=\"application\/pdf\" style=\"width:100%;height:600px\" aria-label=\"Einbettung von 2-FGB_Mitgliederversammlung_Pr\u00e4sentation_Neustart_01-2026_02_27-final.\"><\/object><a id=\"wp-block-file--media-bfb324a6-cc2c-4762-85e0-edfb6659faee\" href=\"https:\/\/www.friedhofsgemeinschaft-berghausen.de\/wp-content\/uploads\/2026\/03\/2-FGB_Mitgliederversammlung_Praesentation_Neustart_01-2026_02_27-final-1.pdf\">2-FGB_Mitgliederversammlung_Pr\u00e4sentation_Neustart_01-2026_02_27-final<\/a><a href=\"https:\/\/www.friedhofsgemeinschaft-berghausen.de\/wp-content\/uploads\/2026\/03\/2-FGB_Mitgliederversammlung_Praesentation_Neustart_01-2026_02_27-final-1.pdf\" class=\"wp-block-file__button wp-element-button\" download aria-describedby=\"wp-block-file--media-bfb324a6-cc2c-4762-85e0-edfb6659faee\">Herunterladen<\/a><\/div>\n\n\n\n<p><\/p>\n\n\n\n<p style=\"font-size:31px\"><strong>Neue Vereinssatzung<\/strong><\/p>\n\n\n\n<div data-wp-interactive=\"core\/file\" class=\"wp-block-file\"><object data-wp-bind--hidden=\"!state.hasPdfPreview\" hidden class=\"wp-block-file__embed\" data=\"https:\/\/www.friedhofsgemeinschaft-berghausen.de\/wp-content\/uploads\/2026\/03\/1-FGB_Vereinssatzung-2026_02_28_unterschrieben_final-1.pdf\" type=\"application\/pdf\" style=\"width:100%;height:600px\" aria-label=\"Einbettung von 1-FGB_Vereinssatzung 2026_02_28_unterschrieben_final.\"><\/object><a id=\"wp-block-file--media-3050c09b-a0ce-4082-b4f8-c8dfa6a58e65\" href=\"https:\/\/www.friedhofsgemeinschaft-berghausen.de\/wp-content\/uploads\/2026\/03\/1-FGB_Vereinssatzung-2026_02_28_unterschrieben_final-1.pdf\">1-FGB_Vereinssatzung 2026_02_28_unterschrieben_final<\/a><a href=\"https:\/\/www.friedhofsgemeinschaft-berghausen.de\/wp-content\/uploads\/2026\/03\/1-FGB_Vereinssatzung-2026_02_28_unterschrieben_final-1.pdf\" class=\"wp-block-file__button wp-element-button\" download aria-describedby=\"wp-block-file--media-3050c09b-a0ce-4082-b4f8-c8dfa6a58e65\">Herunterladen<\/a><\/div>\n","protected":false},"excerpt":{"rendered":"<p>Neuer Gesch\u00e4ftsf\u00fchrender Vorstand Dominik Bieseler (Mitgliederverwaltung); J\u00f6rg Jansen (Vorsitzender\/\u00d6ffentlichkeitarbeit\/Administration); Angelika Langlotz (1. Stellvertretende Vorsitzende\/Sterberegister\/Gr\u00e4ber); Maike Brandt (Gesch\u00e4ftsf\u00fchrerin\/Trauerfallbegleitung); Brunnilda Vogt (Schatzmeisterin\/Geb\u00fchren\/Beitr\u00e4ge); Bodo Renz (2. stellvertretender Vorsitzender\/Liegenschaften) Neustart 2026 Pr\u00e4sentation Neustart Neue Vereinssatzung<\/p>\n","protected":false},"author":1,"featured_media":0,"parent":0,"menu_order":0,"comment_status":"closed","ping_status":"closed","template":"","meta":{"footnotes":""},"class_list":["post-333","page","type-page","status-publish","hentry"],"yoast_head":"<!-- This site is optimized with the Yoast SEO plugin v27.3 - https:\/\/yoast.com\/product\/yoast-seo-wordpress\/ -->\n<title>Der Verein - Waldfriedhof Berghausen<\/title>\n<meta name=\"robots\" content=\"index, follow, max-snippet:-1, max-image-preview:large, max-video-preview:-1\" \/>\n<link rel=\"canonical\" href=\"https:\/\/www.friedhofsgemeinschaft-berghausen.de\/?page_id=333\" \/>\n<meta property=\"og:locale\" content=\"de_DE\" \/>\n<meta property=\"og:type\" content=\"article\" \/>\n<meta property=\"og:title\" content=\"Der Verein - Waldfriedhof Berghausen\" \/>\n<meta property=\"og:description\" content=\"Neuer Gesch\u00e4ftsf\u00fchrender Vorstand Dominik Bieseler (Mitgliederverwaltung); J\u00f6rg Jansen (Vorsitzender\/\u00d6ffentlichkeitarbeit\/Administration); Angelika Langlotz (1. Stellvertretende Vorsitzende\/Sterberegister\/Gr\u00e4ber); Maike Brandt (Gesch\u00e4ftsf\u00fchrerin\/Trauerfallbegleitung); Brunnilda Vogt (Schatzmeisterin\/Geb\u00fchren\/Beitr\u00e4ge); Bodo Renz (2. stellvertretender Vorsitzender\/Liegenschaften) Neustart 2026 Pr\u00e4sentation Neustart Neue Vereinssatzung\" \/>\n<meta property=\"og:url\" content=\"https:\/\/www.friedhofsgemeinschaft-berghausen.de\/?page_id=333\" \/>\n<meta property=\"og:site_name\" content=\"Waldfriedhof Berghausen\" \/>\n<meta property=\"article:modified_time\" content=\"2026-04-03T17:55:09+00:00\" \/>\n<meta property=\"og:image\" content=\"https:\/\/www.friedhofsgemeinschaft-berghausen.de\/wp-content\/uploads\/2026\/04\/01_FGB_GVS_Foto-2026_03_privat_freigegeben1-scaled.jpg\" \/>\n\t<meta property=\"og:image:width\" content=\"2560\" \/>\n\t<meta property=\"og:image:height\" content=\"1707\" \/>\n\t<meta property=\"og:image:type\" content=\"image\/jpeg\" \/>\n<meta name=\"twitter:card\" content=\"summary_large_image\" \/>\n<script type=\"application\/ld+json\" class=\"yoast-schema-graph\">{\"@context\":\"https:\\\/\\\/schema.org\",\"@graph\":[{\"@type\":\"WebPage\",\"@id\":\"https:\\\/\\\/www.friedhofsgemeinschaft-berghausen.de\\\/?page_id=333\",\"url\":\"https:\\\/\\\/www.friedhofsgemeinschaft-berghausen.de\\\/?page_id=333\",\"name\":\"Der Verein - Waldfriedhof Berghausen\",\"isPartOf\":{\"@id\":\"https:\\\/\\\/www.friedhofsgemeinschaft-berghausen.de\\\/#website\"},\"primaryImageOfPage\":{\"@id\":\"https:\\\/\\\/www.friedhofsgemeinschaft-berghausen.de\\\/?page_id=333#primaryimage\"},\"image\":{\"@id\":\"https:\\\/\\\/www.friedhofsgemeinschaft-berghausen.de\\\/?page_id=333#primaryimage\"},\"thumbnailUrl\":\"https:\\\/\\\/www.friedhofsgemeinschaft-berghausen.de\\\/wp-content\\\/uploads\\\/2026\\\/04\\\/01_FGB_GVS_Foto-2026_03_privat_freigegeben1-1024x683.jpg\",\"datePublished\":\"2026-03-22T16:16:26+00:00\",\"dateModified\":\"2026-04-03T17:55:09+00:00\",\"breadcrumb\":{\"@id\":\"https:\\\/\\\/www.friedhofsgemeinschaft-berghausen.de\\\/?page_id=333#breadcrumb\"},\"inLanguage\":\"de\",\"potentialAction\":[{\"@type\":\"ReadAction\",\"target\":[\"https:\\\/\\\/www.friedhofsgemeinschaft-berghausen.de\\\/?page_id=333\"]}]},{\"@type\":\"ImageObject\",\"inLanguage\":\"de\",\"@id\":\"https:\\\/\\\/www.friedhofsgemeinschaft-berghausen.de\\\/?page_id=333#primaryimage\",\"url\":\"https:\\\/\\\/www.friedhofsgemeinschaft-berghausen.de\\\/wp-content\\\/uploads\\\/2026\\\/04\\\/01_FGB_GVS_Foto-2026_03_privat_freigegeben1-scaled.jpg\",\"contentUrl\":\"https:\\\/\\\/www.friedhofsgemeinschaft-berghausen.de\\\/wp-content\\\/uploads\\\/2026\\\/04\\\/01_FGB_GVS_Foto-2026_03_privat_freigegeben1-scaled.jpg\",\"width\":2560,\"height\":1707},{\"@type\":\"BreadcrumbList\",\"@id\":\"https:\\\/\\\/www.friedhofsgemeinschaft-berghausen.de\\\/?page_id=333#breadcrumb\",\"itemListElement\":[{\"@type\":\"ListItem\",\"position\":1,\"name\":\"Startseite\",\"item\":\"https:\\\/\\\/www.friedhofsgemeinschaft-berghausen.de\\\/\"},{\"@type\":\"ListItem\",\"position\":2,\"name\":\"Der Verein\"}]},{\"@type\":\"WebSite\",\"@id\":\"https:\\\/\\\/www.friedhofsgemeinschaft-berghausen.de\\\/#website\",\"url\":\"https:\\\/\\\/www.friedhofsgemeinschaft-berghausen.de\\\/\",\"name\":\"Waldfriedhof Berghausen\",\"description\":\"\",\"publisher\":{\"@id\":\"https:\\\/\\\/www.friedhofsgemeinschaft-berghausen.de\\\/#organization\"},\"potentialAction\":[{\"@type\":\"SearchAction\",\"target\":{\"@type\":\"EntryPoint\",\"urlTemplate\":\"https:\\\/\\\/www.friedhofsgemeinschaft-berghausen.de\\\/?s={search_term_string}\"},\"query-input\":{\"@type\":\"PropertyValueSpecification\",\"valueRequired\":true,\"valueName\":\"search_term_string\"}}],\"inLanguage\":\"de\"},{\"@type\":\"Organization\",\"@id\":\"https:\\\/\\\/www.friedhofsgemeinschaft-berghausen.de\\\/#organization\",\"name\":\"Waldfriedhof Berghausen Gummersbach\",\"url\":\"https:\\\/\\\/www.friedhofsgemeinschaft-berghausen.de\\\/\",\"logo\":{\"@type\":\"ImageObject\",\"inLanguage\":\"de\",\"@id\":\"https:\\\/\\\/www.friedhofsgemeinschaft-berghausen.de\\\/#\\\/schema\\\/logo\\\/image\\\/\",\"url\":\"https:\\\/\\\/www.friedhofsgemeinschaft-berghausen.de\\\/wp-content\\\/uploads\\\/2019\\\/09\\\/friedhof02.jpg\",\"contentUrl\":\"https:\\\/\\\/www.friedhofsgemeinschaft-berghausen.de\\\/wp-content\\\/uploads\\\/2019\\\/09\\\/friedhof02.jpg\",\"width\":338,\"height\":450,\"caption\":\"Waldfriedhof Berghausen Gummersbach\"},\"image\":{\"@id\":\"https:\\\/\\\/www.friedhofsgemeinschaft-berghausen.de\\\/#\\\/schema\\\/logo\\\/image\\\/\"}}]}<\/script>\n<!-- \/ Yoast SEO plugin. -->","yoast_head_json":{"title":"Der Verein - Waldfriedhof Berghausen","robots":{"index":"index","follow":"follow","max-snippet":"max-snippet:-1","max-image-preview":"max-image-preview:large","max-video-preview":"max-video-preview:-1"},"canonical":"https:\/\/www.friedhofsgemeinschaft-berghausen.de\/?page_id=333","og_locale":"de_DE","og_type":"article","og_title":"Der Verein - Waldfriedhof Berghausen","og_description":"Neuer Gesch\u00e4ftsf\u00fchrender Vorstand Dominik Bieseler (Mitgliederverwaltung); J\u00f6rg Jansen (Vorsitzender\/\u00d6ffentlichkeitarbeit\/Administration); Angelika Langlotz (1. Stellvertretende Vorsitzende\/Sterberegister\/Gr\u00e4ber); Maike Brandt (Gesch\u00e4ftsf\u00fchrerin\/Trauerfallbegleitung); Brunnilda Vogt (Schatzmeisterin\/Geb\u00fchren\/Beitr\u00e4ge); Bodo Renz (2. stellvertretender Vorsitzender\/Liegenschaften) Neustart 2026 Pr\u00e4sentation Neustart Neue Vereinssatzung","og_url":"https:\/\/www.friedhofsgemeinschaft-berghausen.de\/?page_id=333","og_site_name":"Waldfriedhof Berghausen","article_modified_time":"2026-04-03T17:55:09+00:00","og_image":[{"width":2560,"height":1707,"url":"https:\/\/www.friedhofsgemeinschaft-berghausen.de\/wp-content\/uploads\/2026\/04\/01_FGB_GVS_Foto-2026_03_privat_freigegeben1-scaled.jpg","type":"image\/jpeg"}],"twitter_card":"summary_large_image","schema":{"@context":"https:\/\/schema.org","@graph":[{"@type":"WebPage","@id":"https:\/\/www.friedhofsgemeinschaft-berghausen.de\/?page_id=333","url":"https:\/\/www.friedhofsgemeinschaft-berghausen.de\/?page_id=333","name":"Der Verein - Waldfriedhof Berghausen","isPartOf":{"@id":"https:\/\/www.friedhofsgemeinschaft-berghausen.de\/#website"},"primaryImageOfPage":{"@id":"https:\/\/www.friedhofsgemeinschaft-berghausen.de\/?page_id=333#primaryimage"},"image":{"@id":"https:\/\/www.friedhofsgemeinschaft-berghausen.de\/?page_id=333#primaryimage"},"thumbnailUrl":"https:\/\/www.friedhofsgemeinschaft-berghausen.de\/wp-content\/uploads\/2026\/04\/01_FGB_GVS_Foto-2026_03_privat_freigegeben1-1024x683.jpg","datePublished":"2026-03-22T16:16:26+00:00","dateModified":"2026-04-03T17:55:09+00:00","breadcrumb":{"@id":"https:\/\/www.friedhofsgemeinschaft-berghausen.de\/?page_id=333#breadcrumb"},"inLanguage":"de","potentialAction":[{"@type":"ReadAction","target":["https:\/\/www.friedhofsgemeinschaft-berghausen.de\/?page_id=333"]}]},{"@type":"ImageObject","inLanguage":"de","@id":"https:\/\/www.friedhofsgemeinschaft-berghausen.de\/?page_id=333#primaryimage","url":"https:\/\/www.friedhofsgemeinschaft-berghausen.de\/wp-content\/uploads\/2026\/04\/01_FGB_GVS_Foto-2026_03_privat_freigegeben1-scaled.jpg","contentUrl":"https:\/\/www.friedhofsgemeinschaft-berghausen.de\/wp-content\/uploads\/2026\/04\/01_FGB_GVS_Foto-2026_03_privat_freigegeben1-scaled.jpg","width":2560,"height":1707},{"@type":"BreadcrumbList","@id":"https:\/\/www.friedhofsgemeinschaft-berghausen.de\/?page_id=333#breadcrumb","itemListElement":[{"@type":"ListItem","position":1,"name":"Startseite","item":"https:\/\/www.friedhofsgemeinschaft-berghausen.de\/"},{"@type":"ListItem","position":2,"name":"Der Verein"}]},{"@type":"WebSite","@id":"https:\/\/www.friedhofsgemeinschaft-berghausen.de\/#website","url":"https:\/\/www.friedhofsgemeinschaft-berghausen.de\/","name":"Waldfriedhof Berghausen","description":"","publisher":{"@id":"https:\/\/www.friedhofsgemeinschaft-berghausen.de\/#organization"},"potentialAction":[{"@type":"SearchAction","target":{"@type":"EntryPoint","urlTemplate":"https:\/\/www.friedhofsgemeinschaft-berghausen.de\/?s={search_term_string}"},"query-input":{"@type":"PropertyValueSpecification","valueRequired":true,"valueName":"search_term_string"}}],"inLanguage":"de"},{"@type":"Organization","@id":"https:\/\/www.friedhofsgemeinschaft-berghausen.de\/#organization","name":"Waldfriedhof Berghausen Gummersbach","url":"https:\/\/www.friedhofsgemeinschaft-berghausen.de\/","logo":{"@type":"ImageObject","inLanguage":"de","@id":"https:\/\/www.friedhofsgemeinschaft-berghausen.de\/#\/schema\/logo\/image\/","url":"https:\/\/www.friedhofsgemeinschaft-berghausen.de\/wp-content\/uploads\/2019\/09\/friedhof02.jpg","contentUrl":"https:\/\/www.friedhofsgemeinschaft-berghausen.de\/wp-content\/uploads\/2019\/09\/friedhof02.jpg","width":338,"height":450,"caption":"Waldfriedhof Berghausen Gummersbach"},"image":{"@id":"https:\/\/www.friedhofsgemeinschaft-berghausen.de\/#\/schema\/logo\/image\/"}}]}},"_links":{"self":[{"href":"https:\/\/www.friedhofsgemeinschaft-berghausen.de\/index.php?rest_route=\/wp\/v2\/pages\/333","targetHints":{"allow":["GET"]}}],"collection":[{"href":"https:\/\/www.friedhofsgemeinschaft-berghausen.de\/index.php?rest_route=\/wp\/v2\/pages"}],"about":[{"href":"https:\/\/www.friedhofsgemeinschaft-berghausen.de\/index.php?rest_route=\/wp\/v2\/types\/page"}],"author":[{"embeddable":true,"href":"https:\/\/www.friedhofsgemeinschaft-berghausen.de\/index.php?rest_route=\/wp\/v2\/users\/1"}],"replies":[{"embeddable":true,"href":"https:\/\/www.friedhofsgemeinschaft-berghausen.de\/index.php?rest_route=%2Fwp%2Fv2%2Fcomments&post=333"}],"version-history":[{"count":4,"href":"https:\/\/www.friedhofsgemeinschaft-berghausen.de\/index.php?rest_route=\/wp\/v2\/pages\/333\/revisions"}],"predecessor-version":[{"id":376,"href":"https:\/\/www.friedhofsgemeinschaft-berghausen.de\/index.php?rest_route=\/wp\/v2\/pages\/333\/revisions\/376"}],"wp:attachment":[{"href":"https:\/\/www.friedhofsgemeinschaft-berghausen.de\/index.php?rest_route=%2Fwp%2Fv2%2Fmedia&parent=333"}],"curies":[{"name":"wp","href":"https:\/\/api.w.org\/{rel}","templated":true}]}}