{"id":2,"date":"2019-07-24T19:25:43","date_gmt":"2019-07-24T17:25:43","guid":{"rendered":"http:\/\/www.friedhofsgemeinschaft-berghausen.de\/?page_id=2"},"modified":"2019-11-25T18:48:08","modified_gmt":"2019-11-25T17:48:08","slug":"beispiel-seite","status":"publish","type":"page","link":"https:\/\/www.friedhofsgemeinschaft-berghausen.de\/?page_id=2","title":{"rendered":"Geschichte"},"content":{"rendered":"\n<p> Nachdem Berghausen nach dem Krieg seine eigene Kirche und einen eigenen  Pfarrsitz erhalten hatte, wurde auch der Wunsch nach einem eigenen  Friedhof lebhaft diskutiert. Da jedoch weder die Zivilgemeinde Gimborn,  noch die beiden Kirchengemeinden H\u00fclsenbusch und Gimborn f\u00fcr eine  Tr\u00e4gerschaft zur Verf\u00fcgung standen, wurde als Tr\u00e4ger die  Friedhofsgemeinschaft Berghausen e.V. gegr\u00fcndet. Der Friedhof wurde f\u00fcr  die Bewohner des ehem. Schulbezirks Berghausen eingerichtet.     <\/p>\n\n\n\n<p>Der D\u00fcsseldorfer Stahlh\u00e4ndler und Maschinenbauer Dr. Meyer-Jagenberg,  der in Berghausen einen Gutshof und umfangreiche L\u00e4ndereien besa\u00df,  stiftete 1953 ein Waldst\u00fcck zwischen Steinbruch und Thaler Weg an die  Friedhofsgemeinschaft. In diesem Zusammenhang wurde 1953 die  Friedhofsgemeinschaft Berghausen e.V. gegr\u00fcndet. Nach umfangreichen  Rodungsarbeiten wurde dort der Friedhof angelegt. Die erste Beerdigung  erfolgte 1954. Inzwischen wurden dort rd. 850 Mitbewohner bestattet. <\/p>\n\n\n\n<blockquote class=\"wp-block-quote is-layout-flow wp-block-quote-is-layout-flow\"><p><\/p><\/blockquote>\n\n\n\n<p><\/p>\n","protected":false},"excerpt":{"rendered":"<p>Nachdem Berghausen nach dem Krieg seine eigene Kirche und einen eigenen Pfarrsitz erhalten hatte, wurde auch der Wunsch nach einem eigenen Friedhof lebhaft diskutiert. Da jedoch weder die Zivilgemeinde Gimborn, noch die beiden Kirchengemeinden H\u00fclsenbusch und Gimborn f\u00fcr eine Tr\u00e4gerschaft &hellip; <a href=\"https:\/\/www.friedhofsgemeinschaft-berghausen.de\/?page_id=2\">Weiterlesen <span class=\"meta-nav\">&rarr;<\/span><\/a><\/p>\n","protected":false},"author":1,"featured_media":0,"parent":0,"menu_order":0,"comment_status":"closed","ping_status":"open","template":"","meta":{"footnotes":""},"class_list":["post-2","page","type-page","status-publish","hentry"],"yoast_head":"<!-- This site is optimized with the Yoast SEO plugin v27.4 - https:\/\/yoast.com\/product\/yoast-seo-wordpress\/ -->\n<title>Geschichte - Waldfriedhof Berghausen<\/title>\n<meta name=\"robots\" content=\"index, follow, max-snippet:-1, max-image-preview:large, max-video-preview:-1\" \/>\n<link rel=\"canonical\" href=\"https:\/\/www.friedhofsgemeinschaft-berghausen.de\/?page_id=2\" \/>\n<meta property=\"og:locale\" content=\"de_DE\" \/>\n<meta property=\"og:type\" content=\"article\" \/>\n<meta property=\"og:title\" content=\"Geschichte - Waldfriedhof Berghausen\" \/>\n<meta property=\"og:description\" content=\"Nachdem Berghausen nach dem Krieg seine eigene Kirche und einen eigenen Pfarrsitz erhalten hatte, wurde auch der Wunsch nach einem eigenen Friedhof lebhaft diskutiert. Da jedoch weder die Zivilgemeinde Gimborn, noch die beiden Kirchengemeinden H\u00fclsenbusch und Gimborn f\u00fcr eine Tr\u00e4gerschaft &hellip; Weiterlesen &rarr;\" \/>\n<meta property=\"og:url\" content=\"https:\/\/www.friedhofsgemeinschaft-berghausen.de\/?page_id=2\" \/>\n<meta property=\"og:site_name\" content=\"Waldfriedhof Berghausen\" \/>\n<meta property=\"article:modified_time\" content=\"2019-11-25T17:48:08+00:00\" \/>\n<meta name=\"twitter:card\" content=\"summary_large_image\" \/>\n<meta name=\"twitter:label1\" content=\"Gesch\u00e4tzte Lesezeit\" \/>\n\t<meta name=\"twitter:data1\" content=\"1\u00a0Minute\" \/>\n<script type=\"application\/ld+json\" class=\"yoast-schema-graph\">{\"@context\":\"https:\\\/\\\/schema.org\",\"@graph\":[{\"@type\":\"WebPage\",\"@id\":\"https:\\\/\\\/www.friedhofsgemeinschaft-berghausen.de\\\/?page_id=2\",\"url\":\"https:\\\/\\\/www.friedhofsgemeinschaft-berghausen.de\\\/?page_id=2\",\"name\":\"Geschichte - Waldfriedhof Berghausen\",\"isPartOf\":{\"@id\":\"https:\\\/\\\/www.friedhofsgemeinschaft-berghausen.de\\\/#website\"},\"datePublished\":\"2019-07-24T17:25:43+00:00\",\"dateModified\":\"2019-11-25T17:48:08+00:00\",\"breadcrumb\":{\"@id\":\"https:\\\/\\\/www.friedhofsgemeinschaft-berghausen.de\\\/?page_id=2#breadcrumb\"},\"inLanguage\":\"de\",\"potentialAction\":[{\"@type\":\"ReadAction\",\"target\":[\"https:\\\/\\\/www.friedhofsgemeinschaft-berghausen.de\\\/?page_id=2\"]}]},{\"@type\":\"BreadcrumbList\",\"@id\":\"https:\\\/\\\/www.friedhofsgemeinschaft-berghausen.de\\\/?page_id=2#breadcrumb\",\"itemListElement\":[{\"@type\":\"ListItem\",\"position\":1,\"name\":\"Startseite\",\"item\":\"https:\\\/\\\/www.friedhofsgemeinschaft-berghausen.de\\\/\"},{\"@type\":\"ListItem\",\"position\":2,\"name\":\"Geschichte\"}]},{\"@type\":\"WebSite\",\"@id\":\"https:\\\/\\\/www.friedhofsgemeinschaft-berghausen.de\\\/#website\",\"url\":\"https:\\\/\\\/www.friedhofsgemeinschaft-berghausen.de\\\/\",\"name\":\"Waldfriedhof Berghausen\",\"description\":\"\",\"publisher\":{\"@id\":\"https:\\\/\\\/www.friedhofsgemeinschaft-berghausen.de\\\/#organization\"},\"potentialAction\":[{\"@type\":\"SearchAction\",\"target\":{\"@type\":\"EntryPoint\",\"urlTemplate\":\"https:\\\/\\\/www.friedhofsgemeinschaft-berghausen.de\\\/?s={search_term_string}\"},\"query-input\":{\"@type\":\"PropertyValueSpecification\",\"valueRequired\":true,\"valueName\":\"search_term_string\"}}],\"inLanguage\":\"de\"},{\"@type\":\"Organization\",\"@id\":\"https:\\\/\\\/www.friedhofsgemeinschaft-berghausen.de\\\/#organization\",\"name\":\"Waldfriedhof Berghausen Gummersbach\",\"url\":\"https:\\\/\\\/www.friedhofsgemeinschaft-berghausen.de\\\/\",\"logo\":{\"@type\":\"ImageObject\",\"inLanguage\":\"de\",\"@id\":\"https:\\\/\\\/www.friedhofsgemeinschaft-berghausen.de\\\/#\\\/schema\\\/logo\\\/image\\\/\",\"url\":\"https:\\\/\\\/www.friedhofsgemeinschaft-berghausen.de\\\/wp-content\\\/uploads\\\/2019\\\/09\\\/friedhof02.jpg\",\"contentUrl\":\"https:\\\/\\\/www.friedhofsgemeinschaft-berghausen.de\\\/wp-content\\\/uploads\\\/2019\\\/09\\\/friedhof02.jpg\",\"width\":338,\"height\":450,\"caption\":\"Waldfriedhof Berghausen Gummersbach\"},\"image\":{\"@id\":\"https:\\\/\\\/www.friedhofsgemeinschaft-berghausen.de\\\/#\\\/schema\\\/logo\\\/image\\\/\"}}]}<\/script>\n<!-- \/ Yoast SEO plugin. -->","yoast_head_json":{"title":"Geschichte - Waldfriedhof Berghausen","robots":{"index":"index","follow":"follow","max-snippet":"max-snippet:-1","max-image-preview":"max-image-preview:large","max-video-preview":"max-video-preview:-1"},"canonical":"https:\/\/www.friedhofsgemeinschaft-berghausen.de\/?page_id=2","og_locale":"de_DE","og_type":"article","og_title":"Geschichte - Waldfriedhof Berghausen","og_description":"Nachdem Berghausen nach dem Krieg seine eigene Kirche und einen eigenen Pfarrsitz erhalten hatte, wurde auch der Wunsch nach einem eigenen Friedhof lebhaft diskutiert. Da jedoch weder die Zivilgemeinde Gimborn, noch die beiden Kirchengemeinden H\u00fclsenbusch und Gimborn f\u00fcr eine Tr\u00e4gerschaft &hellip; Weiterlesen &rarr;","og_url":"https:\/\/www.friedhofsgemeinschaft-berghausen.de\/?page_id=2","og_site_name":"Waldfriedhof Berghausen","article_modified_time":"2019-11-25T17:48:08+00:00","twitter_card":"summary_large_image","twitter_misc":{"Gesch\u00e4tzte Lesezeit":"1\u00a0Minute"},"schema":{"@context":"https:\/\/schema.org","@graph":[{"@type":"WebPage","@id":"https:\/\/www.friedhofsgemeinschaft-berghausen.de\/?page_id=2","url":"https:\/\/www.friedhofsgemeinschaft-berghausen.de\/?page_id=2","name":"Geschichte - Waldfriedhof Berghausen","isPartOf":{"@id":"https:\/\/www.friedhofsgemeinschaft-berghausen.de\/#website"},"datePublished":"2019-07-24T17:25:43+00:00","dateModified":"2019-11-25T17:48:08+00:00","breadcrumb":{"@id":"https:\/\/www.friedhofsgemeinschaft-berghausen.de\/?page_id=2#breadcrumb"},"inLanguage":"de","potentialAction":[{"@type":"ReadAction","target":["https:\/\/www.friedhofsgemeinschaft-berghausen.de\/?page_id=2"]}]},{"@type":"BreadcrumbList","@id":"https:\/\/www.friedhofsgemeinschaft-berghausen.de\/?page_id=2#breadcrumb","itemListElement":[{"@type":"ListItem","position":1,"name":"Startseite","item":"https:\/\/www.friedhofsgemeinschaft-berghausen.de\/"},{"@type":"ListItem","position":2,"name":"Geschichte"}]},{"@type":"WebSite","@id":"https:\/\/www.friedhofsgemeinschaft-berghausen.de\/#website","url":"https:\/\/www.friedhofsgemeinschaft-berghausen.de\/","name":"Waldfriedhof Berghausen","description":"","publisher":{"@id":"https:\/\/www.friedhofsgemeinschaft-berghausen.de\/#organization"},"potentialAction":[{"@type":"SearchAction","target":{"@type":"EntryPoint","urlTemplate":"https:\/\/www.friedhofsgemeinschaft-berghausen.de\/?s={search_term_string}"},"query-input":{"@type":"PropertyValueSpecification","valueRequired":true,"valueName":"search_term_string"}}],"inLanguage":"de"},{"@type":"Organization","@id":"https:\/\/www.friedhofsgemeinschaft-berghausen.de\/#organization","name":"Waldfriedhof Berghausen Gummersbach","url":"https:\/\/www.friedhofsgemeinschaft-berghausen.de\/","logo":{"@type":"ImageObject","inLanguage":"de","@id":"https:\/\/www.friedhofsgemeinschaft-berghausen.de\/#\/schema\/logo\/image\/","url":"https:\/\/www.friedhofsgemeinschaft-berghausen.de\/wp-content\/uploads\/2019\/09\/friedhof02.jpg","contentUrl":"https:\/\/www.friedhofsgemeinschaft-berghausen.de\/wp-content\/uploads\/2019\/09\/friedhof02.jpg","width":338,"height":450,"caption":"Waldfriedhof Berghausen Gummersbach"},"image":{"@id":"https:\/\/www.friedhofsgemeinschaft-berghausen.de\/#\/schema\/logo\/image\/"}}]}},"_links":{"self":[{"href":"https:\/\/www.friedhofsgemeinschaft-berghausen.de\/index.php?rest_route=\/wp\/v2\/pages\/2","targetHints":{"allow":["GET"]}}],"collection":[{"href":"https:\/\/www.friedhofsgemeinschaft-berghausen.de\/index.php?rest_route=\/wp\/v2\/pages"}],"about":[{"href":"https:\/\/www.friedhofsgemeinschaft-berghausen.de\/index.php?rest_route=\/wp\/v2\/types\/page"}],"author":[{"embeddable":true,"href":"https:\/\/www.friedhofsgemeinschaft-berghausen.de\/index.php?rest_route=\/wp\/v2\/users\/1"}],"replies":[{"embeddable":true,"href":"https:\/\/www.friedhofsgemeinschaft-berghausen.de\/index.php?rest_route=%2Fwp%2Fv2%2Fcomments&post=2"}],"version-history":[{"count":5,"href":"https:\/\/www.friedhofsgemeinschaft-berghausen.de\/index.php?rest_route=\/wp\/v2\/pages\/2\/revisions"}],"predecessor-version":[{"id":208,"href":"https:\/\/www.friedhofsgemeinschaft-berghausen.de\/index.php?rest_route=\/wp\/v2\/pages\/2\/revisions\/208"}],"wp:attachment":[{"href":"https:\/\/www.friedhofsgemeinschaft-berghausen.de\/index.php?rest_route=%2Fwp%2Fv2%2Fmedia&parent=2"}],"curies":[{"name":"wp","href":"https:\/\/api.w.org\/{rel}","templated":true}]}}